{"id":93,"date":"2023-06-04T19:32:20","date_gmt":"2023-06-04T17:32:20","guid":{"rendered":"http:\/\/www.claire-carpentier.fr\/?page_id=93"},"modified":"2025-11-30T18:01:57","modified_gmt":"2025-11-30T17:01:57","slug":"qui-suis-je","status":"publish","type":"page","link":"https:\/\/www.claire-carpentier.fr\/?page_id=93","title":{"rendered":"Qui suis-je ?"},"content":{"rendered":"\n<div class=\"wp-block-media-text alignwide has-media-on-the-right is-stacked-on-mobile\" style=\"grid-template-columns:auto 24%\"><div class=\"wp-block-media-text__content\">\n<p>Passionn\u00e9e par le dessin depuis toujours (en tout cas depuis aussi loin que vont mes souvenirs), j\u2019ai suivi des cours du soir dans le domaine artistique d\u00e8s que je le pouvais (illustration, animation, expression plastique, etc.) pour rencontrer d&#8217;autres artistes, tester diff\u00e9rentes techniques et trouver mon propre style.<br>J\u2019ai toujours des carnets \u00e0 port\u00e9e de main, pour croquer ce que je vois ou les id\u00e9es graphiques qui me passent par la t\u00eate, dans mon environnement quotidien ou lors de voyages. Je puise mon inspiration un peu partout, aussi bien dans les livres que je regarde en librairies ou en biblioth\u00e8ques que dans les mus\u00e9es, les galeries ou m\u00eame dans la rue.<\/p>\n<\/div><figure class=\"wp-block-media-text__media\"><img fetchpriority=\"high\" decoding=\"async\" width=\"1024\" height=\"683\" src=\"http:\/\/www.claire-carpentier.fr\/wp-content\/uploads\/2025\/11\/Photo-le-30-11-2025-a-18.00-1024x683.jpg\" alt=\"\" class=\"wp-image-509 size-full\" srcset=\"https:\/\/www.claire-carpentier.fr\/wp-content\/uploads\/2025\/11\/Photo-le-30-11-2025-a-18.00-1024x683.jpg 1024w, https:\/\/www.claire-carpentier.fr\/wp-content\/uploads\/2025\/11\/Photo-le-30-11-2025-a-18.00-300x200.jpg 300w, https:\/\/www.claire-carpentier.fr\/wp-content\/uploads\/2025\/11\/Photo-le-30-11-2025-a-18.00-768x512.jpg 768w, https:\/\/www.claire-carpentier.fr\/wp-content\/uploads\/2025\/11\/Photo-le-30-11-2025-a-18.00-100x67.jpg 100w, https:\/\/www.claire-carpentier.fr\/wp-content\/uploads\/2025\/11\/Photo-le-30-11-2025-a-18.00.jpg 1440w\" sizes=\"(max-width: 1024px) 100vw, 1024px\" \/><\/figure><\/div>\n\n\n\n<p><\/p>\n","protected":false},"excerpt":{"rendered":"<p>Passionn\u00e9e par le dessin depuis toujours (en tout cas depuis aussi loin que vont mes souvenirs), j\u2019ai suivi des cours du soir dans le domaine artistique d\u00e8s que je le pouvais (illustration, animation, expression plastique, etc.) pour rencontrer d&#8217;autres artistes, tester diff\u00e9rentes techniques et trouver mon propre style.J\u2019ai toujours des carnets \u00e0 port\u00e9e de main, [&hellip;]<\/p>\n","protected":false},"author":1,"featured_media":0,"parent":0,"menu_order":0,"comment_status":"closed","ping_status":"closed","template":"","meta":{"footnotes":""},"class_list":["post-93","page","type-page","status-publish","hentry"],"_links":{"self":[{"href":"https:\/\/www.claire-carpentier.fr\/index.php?rest_route=\/wp\/v2\/pages\/93","targetHints":{"allow":["GET"]}}],"collection":[{"href":"https:\/\/www.claire-carpentier.fr\/index.php?rest_route=\/wp\/v2\/pages"}],"about":[{"href":"https:\/\/www.claire-carpentier.fr\/index.php?rest_route=\/wp\/v2\/types\/page"}],"author":[{"embeddable":true,"href":"https:\/\/www.claire-carpentier.fr\/index.php?rest_route=\/wp\/v2\/users\/1"}],"replies":[{"embeddable":true,"href":"https:\/\/www.claire-carpentier.fr\/index.php?rest_route=%2Fwp%2Fv2%2Fcomments&post=93"}],"version-history":[{"count":6,"href":"https:\/\/www.claire-carpentier.fr\/index.php?rest_route=\/wp\/v2\/pages\/93\/revisions"}],"predecessor-version":[{"id":510,"href":"https:\/\/www.claire-carpentier.fr\/index.php?rest_route=\/wp\/v2\/pages\/93\/revisions\/510"}],"wp:attachment":[{"href":"https:\/\/www.claire-carpentier.fr\/index.php?rest_route=%2Fwp%2Fv2%2Fmedia&parent=93"}],"curies":[{"name":"wp","href":"https:\/\/api.w.org\/{rel}","templated":true}]}}